{"id":7,"date":"2019-12-10T15:10:17","date_gmt":"2019-12-10T15:10:17","guid":{"rendered":"https:\/\/amelioretonparent.wordpress.com\/?page_id=2"},"modified":"2019-12-10T15:10:17","modified_gmt":"2019-12-10T15:10:17","slug":"home","status":"publish","type":"page","link":"https:\/\/atpart.fr\/index.php\/home\/","title":{"rendered":"Am\u00e9liore ton parent !"},"content":{"rendered":"\n<div class=\"wp-block-cover alignfull has-background-dim-70 has-foreground-dark-background-color has-background-dim\" style=\"background-image:url('https:\/\/alvesdemo.files.wordpress.com\/2019\/08\/jenn-evelyn-ann-uydoe_ayjqs-unsplash.jpg');background-position:46% 49%;\"><div class=\"wp-block-cover__inner-container is-layout-flow wp-block-cover-is-layout-flow\">\n<h1 class=\"has-text-align-center wp-block-heading\">Parce que le m\u00e9tier de parents ne s&#8217;apprend pas \u00e0 l&#8217;\u00e9cole<\/h1>\n\n\n\n<p><em>La vie familiale constitue une des exp\u00e9riences de vie les plus stressantes qui soient et elle exige de grandes capacit\u00e9s d\u2019adaptation \u00e0 cause des multiples d\u00e9fis \u00e0 affronter. De l\u2019enfance \u00e0 l\u2019\u00e2ge adulte, la vie familiale est en perp\u00e9tuel changement ; \u00e0 chaque cycle de vie : naissance, prise en charge du nourrisson, entr\u00e9e \u00e0 l\u2019\u00e9cole, l\u2019arriv\u00e9e de l\u2019adolescence, etc., la famille doit s\u2019adapter de nouveau et r\u00e9ussir \u00e0 concilier des besoins parfois divergents.<\/em><\/p>\n\n\n\n<p><em>Les conflits familiaux sont donc in\u00e9vitables; le lever, le coucher, les repas, les devoirs, la participation aux t\u00e2ches domestiques, les heures de rentr\u00e9e, etc., sont autant d\u2019occasions qui d\u00e9clenchent des conflits \u00ab normaux \u00bb que l\u2019on retrouve dans presque toutes les familles.<\/em><\/p>\n\n\n\n<p><em>Or, dans la grande majorit\u00e9 des familles, parents et enfants savent tr\u00e8s bien communiquer entre eux; mais les r\u00e9actions \u00e9motives sont tellement intenses, lors de conflits, que parents et enfants perdent leurs capacit\u00e9s \u00e0 s\u2019\u00e9couter et bien communiquer. En effet, dans les disputes familiales, il y a explosion de col\u00e8re souvent suivie par le retrait de la situation;<\/em><\/p>\n\n\n\n<p class=\"has-text-align-right has-small-font-size\">(extraits du site <a href=\"https:\/\/www.ccpeweb.ca\/les-conflits-parents-enfants\/\">https:\/\/www.ccpeweb.ca\/les-conflits-parents-enfants\/<\/a>)<\/p>\n\n\n\n<p>Est-ce qu\u2019il vous arrive d\u2019avoir des difficult\u00e9s \u00e0 vous contr\u00f4ler voir d\u2019exploser durant certains conflits ?<\/p>\n\n\n\n<div class=\"wp-block-coblocks-buttons\"><div class=\"wp-block-coblocks-buttons__inner flex-align-center\">\n<div class=\"wp-block-button is-style-outline is-style-outline--1\"><a class=\"wp-block-button__link\" href=\"https:\/\/play.google.com\/store\/apps\/details?id=fr.atpar.listen\" target=\"_blank\" rel=\"noreferrer noopener\">Oui, je veux devenir testeur &#8230;<\/a><\/div>\n<\/div><\/div>\n\n\n\n<div style=\"height:128px;\" aria-hidden=\"true\" class=\"wp-block-spacer\"><\/div>\n<\/div><\/div>\n\n\n\n<div class=\"wp-block-cover alignfull has-background-dim-70 has-foreground-dark-background-color has-background-dim\" style=\"background-image:url('https:\/\/alvesdemo.files.wordpress.com\/2019\/08\/aaron-burden-1zr3wnstnvy-unsplash.jpg');\"><div class=\"wp-block-cover__inner-container is-layout-flow wp-block-cover-is-layout-flow\">\n<div style=\"height:96px;\" aria-hidden=\"true\" class=\"wp-block-spacer\"><\/div>\n\n\n\n<div class=\"wp-block-columns alignwide is-layout-flex wp-container-core-columns-is-layout-28f84493 wp-block-columns-is-layout-flex\">\n<div class=\"wp-block-column is-layout-flow wp-block-column-is-layout-flow\" style=\"flex-basis:33.33%;\">\n<p class=\"has-text-align-left margin-bottom-half\">\u00e0 propos de<\/p>\n\n\n\n<h2 class=\"has-text-align-left margin-top-half wp-block-heading\">Nos croyances<\/h2>\n<\/div>\n\n\n\n<div class=\"wp-block-column is-vertically-aligned-center is-layout-flow wp-block-column-is-layout-flow\" style=\"flex-basis:66.66%;\">\n<p class=\"has-text-align-left\">Nous croyons en un monde o\u00f9, quel que soit votre choix dans l&#8217;\u00e9ducation de vos enfants, cette \u00e9ducation peut \u00eatre am\u00e9lior\u00e9e. En effet, m\u00eame si il nous semble impossible de d\u00e9finir le parent id\u00e9al, il est plus simple d&#8217;\u00e9viter ce qui nous semble mauvais. Par exemple avec des assistances pour avertir les parents dans les moments critiques.<\/p>\n<\/div>\n<\/div>\n\n\n\n<div style=\"height:96px;\" aria-hidden=\"true\" class=\"wp-block-spacer\"><\/div>\n<\/div><\/div>\n\n\n\n<div class=\"wp-block-cover alignfull has-background-dim-70 has-foreground-dark-background-color has-background-dim\" style=\"background-image:url('https:\/\/alvesdemo.files.wordpress.com\/2019\/08\/jordan-whitt-b8rkmfxzjdu-unsplash.jpg');\"><div class=\"wp-block-cover__inner-container is-layout-flow wp-block-cover-is-layout-flow\">\n<div style=\"height:96px;\" aria-hidden=\"true\" class=\"wp-block-spacer\"><\/div>\n\n\n\n<p class=\"has-text-align-center margin-bottom-half\">News<\/p>\n\n\n\n<div style=\"height:20px;\" aria-hidden=\"true\" class=\"wp-block-spacer\"><\/div>\n\n\n<ul class=\"wp-block-latest-posts__list is-grid columns-3 has-dates alignwide wp-block-latest-posts\"><li><a class=\"wp-block-latest-posts__post-title\" href=\"https:\/\/atpart.fr\/index.php\/2022\/10\/15\/bonjour-tout-le-monde\/\">Bonjour tout le monde\u00a0!<\/a><time datetime=\"2022-10-15T10:06:34+02:00\" class=\"wp-block-latest-posts__post-date\">15 October 2022<\/time><div class=\"wp-block-latest-posts__post-excerpt\">Bienvenue sur WordPress. Ceci est votre premier article. Modifiez-le ou supprimez-le, puis commencez \u00e0 \u00e9crire\u00a0!<\/div><\/li>\n<li><a class=\"wp-block-latest-posts__post-title\" href=\"https:\/\/atpart.fr\/index.php\/2020\/11\/29\/faire-du-code-vite-ou-faire-du-bon-code\/\">Faire du code vite ou faire du bon code ?<\/a><time datetime=\"2020-11-29T20:58:11+01:00\" class=\"wp-block-latest-posts__post-date\">29 November 2020<\/time><div class=\"wp-block-latest-posts__post-excerpt\">Ou pourquoi est-ce que les d\u00e9veloppeurs ne vont jamais assez vite aux yeux de leurs clients ou de leurs hi\u00e9rarchies ? Voir m\u00eame aux yeux de leurs coll\u00e8gues ! Code fast or code well, ces deux notions sont souvent pr\u00e9sent\u00e9es comme oppos\u00e9es. Pourtant je rejoins totalement oncle Bob (Robert C. Martin) sur ce sujet :\u2026 <a class=\"wp-block-latest-posts__read-more\" href=\"https:\/\/atpart.fr\/index.php\/2020\/11\/29\/faire-du-code-vite-ou-faire-du-bon-code\/\" rel=\"noopener noreferrer\">Read more<span class=\"screen-reader-text\">: Faire du code vite ou faire du bon code ?<\/span><\/a><\/div><\/li>\n<li><a class=\"wp-block-latest-posts__post-title\" href=\"https:\/\/atpart.fr\/index.php\/2020\/09\/25\/tant-de-coleres\/\">Tant de col\u00e8res &#8230;<\/a><time datetime=\"2020-09-25T14:47:46+02:00\" class=\"wp-block-latest-posts__post-date\">25 September 2020<\/time><div class=\"wp-block-latest-posts__post-excerpt\">Apr\u00e8s de long mois sans vraiment y r\u00e9fl\u00e9chir, cela fait du bien de se poser un peu pour retrouver la vision intiale de mon projet : la gestion des col\u00e8res qui d\u00e9rapent. Et de se poser la question \u00e0 nouveau : est-ce que c&#8217;est un probl\u00e8me qui touche beaucoup de personnes ? Certes, l&#8217;\u00e9tude de\u2026 <a class=\"wp-block-latest-posts__read-more\" href=\"https:\/\/atpart.fr\/index.php\/2020\/09\/25\/tant-de-coleres\/\" rel=\"noopener noreferrer\">Read more<span class=\"screen-reader-text\">: Tant de col\u00e8res &#8230;<\/span><\/a><\/div><\/li>\n<\/ul>\n\n\n<div style=\"height:96px;\" aria-hidden=\"true\" class=\"wp-block-spacer\"><\/div>\n<\/div><\/div>\n\n\n\n<div style=\"height:96px;\" aria-hidden=\"true\" class=\"wp-block-spacer\"><\/div>\n\n\n<p><!-- \/wp:post-content --><\/p>","protected":false},"excerpt":{"rendered":"","protected":false},"author":2,"featured_media":0,"parent":0,"menu_order":0,"comment_status":"closed","ping_status":"closed","template":"","meta":{"footnotes":""},"class_list":["post-7","page","type-page","status-publish","hentry"],"_links":{"self":[{"href":"https:\/\/atpart.fr\/index.php\/wp-json\/wp\/v2\/pages\/7","targetHints":{"allow":["GET"]}}],"collection":[{"href":"https:\/\/atpart.fr\/index.php\/wp-json\/wp\/v2\/pages"}],"about":[{"href":"https:\/\/atpart.fr\/index.php\/wp-json\/wp\/v2\/types\/page"}],"author":[{"embeddable":true,"href":"https:\/\/atpart.fr\/index.php\/wp-json\/wp\/v2\/users\/2"}],"replies":[{"embeddable":true,"href":"https:\/\/atpart.fr\/index.php\/wp-json\/wp\/v2\/comments?post=7"}],"version-history":[{"count":0,"href":"https:\/\/atpart.fr\/index.php\/wp-json\/wp\/v2\/pages\/7\/revisions"}],"wp:attachment":[{"href":"https:\/\/atpart.fr\/index.php\/wp-json\/wp\/v2\/media?parent=7"}],"curies":[{"name":"wp","href":"https:\/\/api.w.org\/{rel}","templated":true}]}}