{"id":20,"date":"2019-12-10T15:15:26","date_gmt":"2019-12-10T15:15:26","guid":{"rendered":"https:\/\/amelioretonparent.wordpress.com\/contact\/"},"modified":"2019-12-10T15:15:26","modified_gmt":"2019-12-10T15:15:26","slug":"contact","status":"publish","type":"page","link":"https:\/\/atpart.fr\/index.php\/contact\/","title":{"rendered":"Contact"},"content":{"rendered":"<p style=\"text-align:left;\">Nous sommes \u00e0 votre \u00e9coute. N&#8217;h\u00e9sitez pas \u00e0 utiliser le formulaire de contact pour avoir plus de d\u00e9tails.<\/p>\n\n<div class=\"wp-block-spacer desktop-only\" style=\"height:32px;\" aria-hidden=\"true\">\u00a0<\/div>\n\n<div class=\"wp-block-columns alignwide has-2-columns is-layout-flex wp-container-core-columns-is-layout-28f84493 wp-block-columns-is-layout-flex\"><div class=\"wp-block-column is-layout-flow wp-block-column-is-layout-flow\"><h2 class=\"wp-block-heading\" style=\"text-align:left;\">Restons en contact<\/h2>\n\n<div class=\"wp-block-jetpack-contact-info\"><div class=\"wp-block-jetpack-address\"><div class=\"jetpack-address__country\">\u00a0<\/div><\/div>\n\n<div class=\"wp-block-jetpack-email\"><a href=\"mailto:amelioretonparent@gmail.com\">amelioretonparent@gmail.com<\/a><\/div>\n\n<\/div><\/div>\n\n<div class=\"wp-block-column is-layout-flow wp-block-column-is-layout-flow\"><h2 class=\"wp-block-heading\" style=\"text-align:left;\">Envoyez-nous un Message<\/h2>\n\n\n\n\n\n\n\n\n\n<\/div><\/div>","protected":false},"excerpt":{"rendered":"<p>Nous sommes \u00e0 votre \u00e9coute. N&#8217;h\u00e9sitez pas \u00e0 utiliser le formulaire de contact pour avoir plus de d\u00e9tails. Restons en contact Envoyez-nous un Message<\/p>\n","protected":false},"author":2,"featured_media":0,"parent":0,"menu_order":1,"comment_status":"closed","ping_status":"closed","template":"","meta":{"footnotes":""},"class_list":["post-20","page","type-page","status-publish","hentry"],"_links":{"self":[{"href":"https:\/\/atpart.fr\/index.php\/wp-json\/wp\/v2\/pages\/20","targetHints":{"allow":["GET"]}}],"collection":[{"href":"https:\/\/atpart.fr\/index.php\/wp-json\/wp\/v2\/pages"}],"about":[{"href":"https:\/\/atpart.fr\/index.php\/wp-json\/wp\/v2\/types\/page"}],"author":[{"embeddable":true,"href":"https:\/\/atpart.fr\/index.php\/wp-json\/wp\/v2\/users\/2"}],"replies":[{"embeddable":true,"href":"https:\/\/atpart.fr\/index.php\/wp-json\/wp\/v2\/comments?post=20"}],"version-history":[{"count":0,"href":"https:\/\/atpart.fr\/index.php\/wp-json\/wp\/v2\/pages\/20\/revisions"}],"wp:attachment":[{"href":"https:\/\/atpart.fr\/index.php\/wp-json\/wp\/v2\/media?parent=20"}],"curies":[{"name":"wp","href":"https:\/\/api.w.org\/{rel}","templated":true}]}}