{"id":19,"date":"2019-12-10T15:15:25","date_gmt":"2019-12-10T15:15:25","guid":{"rendered":"https:\/\/amelioretonparent.wordpress.com\/about\/"},"modified":"2019-12-10T15:15:25","modified_gmt":"2019-12-10T15:15:25","slug":"about","status":"publish","type":"page","link":"https:\/\/atpart.fr\/index.php\/about\/","title":{"rendered":"About"},"content":{"rendered":"<p>En tant que parent, j&#8217;ai toujours souhait\u00e9 avoir une seconde chance lorsque je m&#8217;\u00e9nervais trop fort apr\u00e8s mes enfants (que ce soit \u00e0 cause de la fatigue, du stress ou autre). Alors je me suis lanc\u00e9 dans l&#8217;aventure pour cr\u00e9er des alarmes qui me permettraient d&#8217;avoir cette seconde chance. En d\u00e9tectant mes pics de col\u00e8re ou de stress, et en me pr\u00e9venant le plus t\u00f4t possible. Un peu comme un voyant de tableau de bord d&#8217;une voiture qui vous pr\u00e9vient lorsqu&#8217;il y a une surchauffe moteur. Apr\u00e8s c&#8217;est \u00e0 moi de jouer.<\/p>\n\n<div class=\"wp-block-spacer desktop-only\" style=\"height:32px;\" aria-hidden=\"true\">\u00a0<\/div>\n\n<h3 class=\"wp-block-heading\" style=\"text-align:center;\">Citations<\/h3>\n\n<div class=\"wp-block-columns alignwide has-3-columns is-layout-flex wp-container-core-columns-is-layout-28f84493 wp-block-columns-is-layout-flex\"><div class=\"wp-block-column is-layout-flow wp-block-column-is-layout-flow\"><blockquote class=\"wp-block-quote is-layout-flow wp-block-quote-is-layout-flow\"><p>The way to get started is to quit talking and begin doing.<\/p><cite>Walt Disney<\/cite><\/blockquote><\/div>\n\n<div class=\"wp-block-column is-layout-flow wp-block-column-is-layout-flow\"><blockquote class=\"wp-block-quote is-layout-flow wp-block-quote-is-layout-flow\"><p>P\u00e8res et m\u00e8res sont les architectes de l&#8217;\u00e9ducation.<\/p><em>Plaute ; Mostellaria &#8211; II<sup>e<\/sup> s. av. J.-C.<\/em><\/blockquote><\/div>\n\n<div class=\"wp-block-column is-layout-flow wp-block-column-is-layout-flow\"><blockquote class=\"wp-block-quote is-layout-flow wp-block-quote-is-layout-flow\"><p>De tous les devoirs des parents, le principal est la bonne \u00e9ducation de leurs enfants.<\/p><em>Jean Baptiste Blanchard ; Les maximes de l&#8217;honn\u00eate homme (1772)<\/em><\/blockquote><\/div><\/div>\n\n<div class=\"wp-block-spacer desktop-only\" style=\"height:32px;\" aria-hidden=\"true\">\u00a0<\/div>\n\n<hr class=\"wp-block-separator is-style-wide\" \/>\n\n<div class=\"wp-block-spacer desktop-only\" style=\"height:32px;\" aria-hidden=\"true\">\u00a0<\/div>\n\n<h2 class=\"wp-block-heading\" style=\"text-align:center;\">Construisons ensemble la famille de demain.<\/h2>\n\n<div class=\"wp-block-button aligncenter\"><a class=\"wp-block-button__link\" href=\"#\">Get in touch!<\/a><\/div>\n\n<div class=\"wp-block-spacer desktop-only\" style=\"height:32px;\" aria-hidden=\"true\">\u00a0<\/div>\n\n<hr class=\"wp-block-separator is-style-wide\" \/>\n\n<div class=\"wp-block-spacer\" style=\"height:32px;\" aria-hidden=\"true\">\u00a0<\/div>","protected":false},"excerpt":{"rendered":"<p>En tant que parent, j&#8217;ai toujours souhait\u00e9 avoir une seconde chance lorsque je m&#8217;\u00e9nervais trop fort apr\u00e8s mes enfants (que ce soit \u00e0 cause de la fatigue, du stress ou autre). Alors je me suis lanc\u00e9 dans l&#8217;aventure pour cr\u00e9er des alarmes qui me permettraient d&#8217;avoir cette seconde chance. En d\u00e9tectant mes pics de col\u00e8re [&hellip;]<\/p>\n","protected":false},"author":2,"featured_media":0,"parent":0,"menu_order":1,"comment_status":"closed","ping_status":"closed","template":"","meta":{"footnotes":""},"class_list":["post-19","page","type-page","status-publish","hentry"],"_links":{"self":[{"href":"https:\/\/atpart.fr\/index.php\/wp-json\/wp\/v2\/pages\/19","targetHints":{"allow":["GET"]}}],"collection":[{"href":"https:\/\/atpart.fr\/index.php\/wp-json\/wp\/v2\/pages"}],"about":[{"href":"https:\/\/atpart.fr\/index.php\/wp-json\/wp\/v2\/types\/page"}],"author":[{"embeddable":true,"href":"https:\/\/atpart.fr\/index.php\/wp-json\/wp\/v2\/users\/2"}],"replies":[{"embeddable":true,"href":"https:\/\/atpart.fr\/index.php\/wp-json\/wp\/v2\/comments?post=19"}],"version-history":[{"count":0,"href":"https:\/\/atpart.fr\/index.php\/wp-json\/wp\/v2\/pages\/19\/revisions"}],"wp:attachment":[{"href":"https:\/\/atpart.fr\/index.php\/wp-json\/wp\/v2\/media?parent=19"}],"curies":[{"name":"wp","href":"https:\/\/api.w.org\/{rel}","templated":true}]}}