{"id":152,"date":"2024-02-23T12:36:19","date_gmt":"2024-02-23T11:36:19","guid":{"rendered":"http:\/\/atpart.fr\/?page_id=152"},"modified":"2024-02-23T12:36:19","modified_gmt":"2024-02-23T11:36:19","slug":"boitameuh","status":"publish","type":"page","link":"https:\/\/atpart.fr\/index.php\/boitameuh\/","title":{"rendered":"Du son sous Android ?"},"content":{"rendered":"\n<figure class=\"wp-block-image size-large\"><img loading=\"lazy\" decoding=\"async\" width=\"1024\" height=\"901\" src=\"http:\/\/atpart.fr\/wp-content\/uploads\/2024\/02\/son_boitameuh_30832401_3943-1024x901.jpeg\" alt=\"\" class=\"wp-image-154\" srcset=\"https:\/\/atpart.fr\/wp-content\/uploads\/2024\/02\/son_boitameuh_30832401_3943-1024x901.jpeg 1024w, https:\/\/atpart.fr\/wp-content\/uploads\/2024\/02\/son_boitameuh_30832401_3943-300x264.jpeg 300w, https:\/\/atpart.fr\/wp-content\/uploads\/2024\/02\/son_boitameuh_30832401_3943-768x676.jpeg 768w, https:\/\/atpart.fr\/wp-content\/uploads\/2024\/02\/son_boitameuh_30832401_3943-1536x1352.jpeg 1536w, https:\/\/atpart.fr\/wp-content\/uploads\/2024\/02\/son_boitameuh_30832401_3943-2048x1802.jpeg 2048w\" sizes=\"auto, (max-width: 1024px) 100vw, 1024px\" \/><figcaption class=\"wp-element-caption\">Abstract flat line with music note motion shapes. Pattern for cover design, poster, banner, decoration.<\/figcaption><\/figure>\n\n\n\n<blockquote class=\"wp-block-quote is-layout-flow wp-block-quote-is-layout-flow\">\n<p><a href=\"https:\/\/fr.freepik.com\/vecteurs-libre\/ligne-plate-abstraite-formes-mouvement-note-musique-modele-pour-decoration-banniere-affiche-conception-couverture_30832401.htm#fromView=search&amp;page=1&amp;position=14&amp;uuid=68000847-e17c-4461-ae72-24f8080f4469\">Image de Rochak Shukla sur Freepik<\/a><\/p>\n<\/blockquote>\n\n\n\n<p>Comment g\u00e9rer la lecture de fichier son sous Android ? <\/p>\n\n\n\n<p>Par exemple, pour diffuser une alerte. Le besoin initial est de d\u00e9clencher la lecture d&#8217;un son particulier, ce son pouvant \u00eatre param\u00e9trable, \u00e0 la demande.<\/p>\n\n\n\n<p>Dans le cas o\u00f9 un parent veut engager une discussion sur un sujet d\u00e9licat avec son enfant, il peut utiliser l&#8217;application Android &#8220;Atpart Listen&#8221; pour d\u00e9tecter les pics de col\u00e8re. Lorsque cette application Android d\u00e9tecte une conversation qui d\u00e9g\u00e9n\u00e8re en dispute, alors un son ou une musique devrait pouvoir \u00eatre diffus\u00e9e pour aider \u00e0 la prise de conscience de ces \u00e9motions qui deviennent de plus en plus fortes.<\/p>\n\n\n\n<p>Pour tester plus particuli\u00e8rement la gestion du d\u00e9clenchement de la lecture du son, notamment la latence entre l&#8217;\u00e9v\u00e8nement initial et le moment o\u00f9 nous pouvons entendre r\u00e9ellement le son, une application d\u00e9di\u00e9e a \u00e9t\u00e9 d\u00e9velopp\u00e9e : &#8220;Boitameuh&#8221;<\/p>\n\n\n\n<p>Elle permet \u00e9galement de tester la partie param\u00e9trages du son \u00e0 jouer, et le choix d&#8217;un son personnel par l&#8217;utilisateur.<\/p>\n","protected":false},"excerpt":{"rendered":"<p>Image de Rochak Shukla sur Freepik Comment g\u00e9rer la lecture de fichier son sous Android ? Par exemple, pour diffuser une alerte. Le besoin initial est de d\u00e9clencher la lecture d&#8217;un son particulier, ce son pouvant \u00eatre param\u00e9trable, \u00e0 la demande. Dans le cas o\u00f9 un parent veut engager une discussion sur un sujet d\u00e9licat [&hellip;]<\/p>\n","protected":false},"author":2,"featured_media":0,"parent":0,"menu_order":0,"comment_status":"closed","ping_status":"closed","template":"","meta":{"footnotes":""},"class_list":["post-152","page","type-page","status-publish","hentry"],"_links":{"self":[{"href":"https:\/\/atpart.fr\/index.php\/wp-json\/wp\/v2\/pages\/152","targetHints":{"allow":["GET"]}}],"collection":[{"href":"https:\/\/atpart.fr\/index.php\/wp-json\/wp\/v2\/pages"}],"about":[{"href":"https:\/\/atpart.fr\/index.php\/wp-json\/wp\/v2\/types\/page"}],"author":[{"embeddable":true,"href":"https:\/\/atpart.fr\/index.php\/wp-json\/wp\/v2\/users\/2"}],"replies":[{"embeddable":true,"href":"https:\/\/atpart.fr\/index.php\/wp-json\/wp\/v2\/comments?post=152"}],"version-history":[{"count":1,"href":"https:\/\/atpart.fr\/index.php\/wp-json\/wp\/v2\/pages\/152\/revisions"}],"predecessor-version":[{"id":155,"href":"https:\/\/atpart.fr\/index.php\/wp-json\/wp\/v2\/pages\/152\/revisions\/155"}],"wp:attachment":[{"href":"https:\/\/atpart.fr\/index.php\/wp-json\/wp\/v2\/media?parent=152"}],"curies":[{"name":"wp","href":"https:\/\/api.w.org\/{rel}","templated":true}]}}